{"id":14,"date":"2019-08-21T22:54:21","date_gmt":"2019-08-21T20:54:21","guid":{"rendered":"http:\/\/spmassagemedical.com\/?page_id=14"},"modified":"2022-04-04T14:09:58","modified_gmt":"2022-04-04T12:09:58","slug":"apropos","status":"publish","type":"page","link":"https:\/\/spmassagemedical.com\/?page_id=14","title":{"rendered":"A propos"},"content":{"rendered":"<p><div class=\"fusion-fullwidth fullwidth-box fusion-parallax-none hundred-percent-fullwidth non-hundred-percent-height-scrolling\"  style='background-color: rgba(255,255,255,0);background-image: url(\"http:\/\/spmassagemedical.com\/wp-content\/uploads\/2019\/09\/aaa.png\");background-position: center center;background-repeat: no-repeat;padding-top:200px;padding-right:0px;padding-bottom:200px;padding-left:0px;-webkit-background-size:cover;-moz-background-size:cover;-o-background-size:cover;background-size:cover;'><div class=\"fusion-builder-row fusion-row \"><div  class=\"fusion-layout-column fusion_builder_column fusion_builder_column_1_1 fusion-builder-column-1 fusion-one-full fusion-column-first fusion-column-last 1_1\"  style='margin-top:0px;margin-bottom:20px;'>\n\t\t\t\t\t<div class=\"fusion-column-wrapper\" style=\"padding: 0px 0px 0px 0px;background-position:left top;background-repeat:no-repeat;-webkit-background-size:cover;-moz-background-size:cover;-o-background-size:cover;background-size:cover;\"   data-bg-url=\"\">\n\t\t\t\t\t\t<div class=\"fusion-clearfix\"><\/div>\n\n\t\t\t\t\t<\/div>\n\t\t\t\t<\/div><\/div><\/div><div class=\"fusion-fullwidth fullwidth-box nonhundred-percent-fullwidth non-hundred-percent-height-scrolling\"  style='background-color: rgba(255,255,255,0);background-position: center center;background-repeat: no-repeat;padding-top:0px;padding-right:0px;padding-bottom:0px;padding-left:0px;margin-bottom: 50px;margin-top: 50px;'><div class=\"fusion-builder-row fusion-row \"><div  class=\"fusion-layout-column fusion_builder_column fusion_builder_column_1_1 fusion-builder-column-2 fusion-one-full fusion-column-first fusion-column-last 1_1\"  style='margin-top:0px;margin-bottom:20px;'>\n\t\t\t\t\t<div class=\"fusion-column-wrapper\" style=\"padding: 0px 0px 0px 0px;background-position:left top;background-repeat:no-repeat;-webkit-background-size:cover;-moz-background-size:cover;-o-background-size:cover;background-size:cover;\"   data-bg-url=\"\">\n\t\t\t\t\t\t<div class=\"imageframe-align-center\"><span class=\"fusion-imageframe imageframe-none imageframe-1 hover-type-none\"><img loading=\"lazy\" decoding=\"async\" src=\"http:\/\/spmassagemedical.com\/wp-content\/uploads\/2019\/09\/relax-150x150.png\" width=\"150\" height=\"150\" alt=\"\" title=\"relax\" class=\"img-responsive wp-image-272\" srcset=\"https:\/\/spmassagemedical.com\/wp-content\/uploads\/2019\/09\/relax-200x200.png 200w, https:\/\/spmassagemedical.com\/wp-content\/uploads\/2019\/09\/relax-400x400.png 400w, https:\/\/spmassagemedical.com\/wp-content\/uploads\/2019\/09\/relax.png 512w\" sizes=\"auto, (max-width: 800px) 100vw, 150px\" \/><\/span><\/div><div class=\"fusion-title title fusion-title-1 fusion-sep-none fusion-title-center fusion-title-size-one\" style=\"margin-top:20px;margin-bottom:0px;\"><h1 class=\"title-heading-center\" style=\"margin:0;\"><h1>D\u00e9couvrez mon parcours<\/h1><\/h1><\/div><div class=\"fusion-title title fusion-title-2 fusion-sep-none fusion-title-center fusion-title-size-two\" style=\"margin-top:20px;margin-bottom:0px;\"><h2 class=\"title-heading-center\" style=\"margin:0;\"><h2>Le corps humain est notre temple de vie, si complexe et pourtant si parfait. L\u2019\u00e9couter, en prendre soin est primordial pour y vivre en toute confiance et sereinement<\/h2><\/h2><\/div><div class=\"fusion-button-wrapper fusion-aligncenter\"><style type=\"text\/css\">.fusion-button.button-1 .fusion-button-text, .fusion-button.button-1 i {color:#ffffff;}.fusion-button.button-1 .fusion-button-icon-divider{border-color:#ffffff;}.fusion-button.button-1:hover .fusion-button-text, .fusion-button.button-1:hover i,.fusion-button.button-1:focus .fusion-button-text, .fusion-button.button-1:focus i,.fusion-button.button-1:active .fusion-button-text, .fusion-button.button-1:active{color:#ffffff;}.fusion-button.button-1:hover .fusion-button-icon-divider, .fusion-button.button-1:hover .fusion-button-icon-divider, .fusion-button.button-1:active .fusion-button-icon-divider{border-color:#ffffff;}.fusion-button.button-1:hover, .fusion-button.button-1:focus, .fusion-button.button-1:active{border-color:#ffffff;}.fusion-button.button-1 {border-color:#ffffff;}.fusion-button.button-1{background: #448477;}.fusion-button.button-1:hover,.button-1:focus,.fusion-button.button-1:active{background: #448477;}<\/style><a class=\"fusion-button button-flat fusion-button-pill button-small button-custom button-1 fusion-button-default-span \" target=\"_self\" href=\"http:\/\/spmassagemedical.com\/?page_id=18\"><span class=\"fusion-button-text\">Prenez rendez-vous<\/span><\/a><\/div><div class=\"fusion-clearfix\"><\/div>\n\n\t\t\t\t\t<\/div>\n\t\t\t\t<\/div><\/div><\/div><div class=\"fusion-fullwidth fullwidth-box hundred-percent-fullwidth non-hundred-percent-height-scrolling\"  style='background-color: rgba(255,255,255,0);background-position: center center;background-repeat: no-repeat;padding-top:0px;padding-right:0px;padding-bottom:0px;padding-left:0px;margin-bottom: 15px;'><div class=\"fusion-builder-row fusion-row \"><div  class=\"fusion-layout-column fusion_builder_column fusion_builder_column_1_2 fusion-builder-column-3 fusion-one-half fusion-column-first 1_2\"  style='margin-top:0px;margin-bottom:20px;width:50%;width:calc(50% - ( ( 4% ) * 0.5 ) );margin-right: 4%;'>\n\t\t\t\t\t<div class=\"fusion-column-wrapper\" style=\"padding: 0px 0px 0px 0px;background-image: url('http:\/\/spmassagemedical.com\/wp-content\/uploads\/2019\/09\/asdcas.png');background-position:left top;background-repeat:no-repeat;-webkit-background-size:cover;-moz-background-size:cover;-o-background-size:cover;background-size:cover;\"   data-bg-url=\"http:\/\/spmassagemedical.com\/wp-content\/uploads\/2019\/09\/asdcas.png\">\n\t\t\t\t\t\t<div class=\"fusion-clearfix\"><\/div>\n\n\t\t\t\t\t<\/div>\n\t\t\t\t<\/div><div  class=\"fusion-layout-column fusion_builder_column fusion_builder_column_1_2 fusion-builder-column-4 fusion-one-half fusion-column-last 1_2\"  style='margin-top:0px;margin-bottom:20px;width:50%;width:calc(50% - ( ( 4% ) * 0.5 ) );'>\n\t\t\t\t\t<div class=\"fusion-column-wrapper\" style=\"padding: 30px 0px 0px 0px;background-position:left top;background-repeat:no-repeat;-webkit-background-size:cover;-moz-background-size:cover;-o-background-size:cover;background-size:cover;\"   data-bg-url=\"\">\n\t\t\t\t\t\t<div class=\"fusion-title title fusion-title-3 fusion-sep-none fusion-title-size-two\" style=\"margin-top:0px;margin-bottom:31px;\"><h2 class=\"title-heading-left\" style=\"margin:0;color:#448477;\"><h2><span style=\"color: #448477;\">S\u00e9verine Pelichet Massage M\u00e9dical<\/span><\/h2><\/h2><\/div><div class=\"fusion-text\"><p>Apr\u00e8s avoir travaill\u00e9 dans le domaine international pendant plus de 15 ans, j\u2019ai d\u00e9cid\u00e9 de m&#8217;orienter dans le domaine de la th\u00e9rapie manuelle et apr\u00e8s plusieurs ann\u00e9es d&#8217;\u00e9tudes, j&#8217;ai obtenu mon Brevet F\u00e9d\u00e9ral de Masseuse M\u00e9dicale en octobre 2020.<\/p>\n<p>Je suis passionn\u00e9e par mon m\u00e9tier et je suis convaincue qu&#8217;\u00e0 travers les diff\u00e9rentes techniques th\u00e9rapeutiques que nous appliquons en temps que masseurs m\u00e9dicaux ainsi qu&#8217;avec les autres m\u00e9decines compl\u00e9mentaires, une personne peut r\u00e9duire\/att\u00e9nuer un \u00e9tat anormal ou pathologique, ceci afin qu&#8217;elle r\u00e9cup\u00e8re une mobilit\u00e9 fonctionnelle et retrouve un \u00e9tat physiologique normal.<\/p>\n<p>Je suis heureuse, en tant que th\u00e9rapeute, de pouvoir accompagner la personne dans ce processus.<\/p>\n<\/div><div class=\"fusion-clearfix\"><\/div>\n\n\t\t\t\t\t<\/div>\n\t\t\t\t<\/div><\/div><\/div><div class=\"fusion-fullwidth fullwidth-box fusion-parallax-fixed hundred-percent-fullwidth non-hundred-percent-height-scrolling\"  style='background-color: rgba(255,255,255,0);background-image: url(\"http:\/\/spmassagemedical.com\/wp-content\/uploads\/2019\/11\/Sans-titre-2.png\");background-position: center center;background-repeat: no-repeat;padding-top:150px;padding-right:0px;padding-bottom:150px;padding-left:0px;-webkit-background-size:cover;-moz-background-size:cover;-o-background-size:cover;background-size:cover;background-attachment:fixed;'><div class=\"fusion-builder-row fusion-row \"><div  class=\"fusion-layout-column fusion_builder_column fusion_builder_column_1_1 fusion-builder-column-5 fusion-one-full fusion-column-first fusion-column-last 1_1\"  style='margin-top:0px;margin-bottom:20px;'>\n\t\t\t\t\t<div class=\"fusion-column-wrapper\" style=\"padding: 0px 0px 0px 0px;background-position:left top;background-repeat:no-repeat;-webkit-background-size:cover;-moz-background-size:cover;-o-background-size:cover;background-size:cover;\"   data-bg-url=\"\">\n\t\t\t\t\t\t<div class=\"fusion-button-wrapper fusion-aligncenter\"><style type=\"text\/css\">.fusion-button.button-2 .fusion-button-text, .fusion-button.button-2 i {color:#ffffff;}.fusion-button.button-2 .fusion-button-icon-divider{border-color:#ffffff;}.fusion-button.button-2:hover .fusion-button-text, .fusion-button.button-2:hover i,.fusion-button.button-2:focus .fusion-button-text, .fusion-button.button-2:focus i,.fusion-button.button-2:active .fusion-button-text, .fusion-button.button-2:active{color:#ffffff;}.fusion-button.button-2:hover .fusion-button-icon-divider, .fusion-button.button-2:hover .fusion-button-icon-divider, .fusion-button.button-2:active .fusion-button-icon-divider{border-color:#ffffff;}.fusion-button.button-2:hover, .fusion-button.button-2:focus, .fusion-button.button-2:active{border-color:#ffffff;}.fusion-button.button-2 {border-color:#ffffff;}.fusion-button.button-2{background: #448477;}.fusion-button.button-2:hover,.button-2:focus,.fusion-button.button-2:active{background: #448477;}<\/style><a class=\"fusion-button button-flat fusion-button-pill button-medium button-custom button-2 fusion-button-default-span \" target=\"_self\" href=\"http:\/\/spmassagemedical.com\/?page_id=16\"><span class=\"fusion-button-text\">Voir mes tarifs<\/span><\/a><\/div><div class=\"fusion-clearfix\"><\/div>\n\n\t\t\t\t\t<\/div>\n\t\t\t\t<\/div><\/div><\/div><div class=\"fusion-fullwidth fullwidth-box fusion-blend-mode nonhundred-percent-fullwidth non-hundred-percent-height-scrolling\"  style='background-color: rgba(24,122,109,0.52);background-position: center center;background-repeat: no-repeat;padding-top:20px;padding-right:0px;padding-bottom:0px;padding-left:0px;margin-bottom: 10px;margin-top: 0px;'><div class=\"fusion-builder-row fusion-row \"><div  class=\"fusion-layout-column fusion_builder_column fusion_builder_column_1_4 fusion-builder-column-6 fusion-one-fourth fusion-column-first 1_4\"  style='margin-top:0px;margin-bottom:20px;width:25%;width:calc(25% - ( ( 4% + 4% + 4% ) * 0.25 ) );margin-right: 4%;'>\n\t\t\t\t\t<div class=\"fusion-column-wrapper\" style=\"padding: 0px 0px 0px 0px;background-position:left top;background-repeat:no-repeat;-webkit-background-size:cover;-moz-background-size:cover;-o-background-size:cover;background-size:cover;\"   data-bg-url=\"\">\n\t\t\t\t\t\t<span class=\"fusion-imageframe imageframe-none imageframe-2 hover-type-none\"><a class=\"fusion-no-lightbox\" href=\"https:\/\/oda-mm.ch\/fr\/startseite-franz\/\" target=\"_self\" aria-label=\"Sans-titre-1\"><img loading=\"lazy\" decoding=\"async\" src=\"https:\/\/spmassagemedical.com\/wp-content\/uploads\/2019\/12\/Sans-titre-1.png\" width=\"150\" height=\"150\" alt=\"\" class=\"img-responsive wp-image-556\" srcset=\"https:\/\/spmassagemedical.com\/wp-content\/uploads\/2019\/12\/Sans-titre-1-66x66.png 66w, https:\/\/spmassagemedical.com\/wp-content\/uploads\/2019\/12\/Sans-titre-1.png 150w\" sizes=\"auto, (max-width: 150px) 100vw, 150px\" \/><\/a><\/span><div class=\"fusion-sep-clear\"><\/div><div class=\"fusion-separator sep-none\" style=\"margin-left: auto;margin-right: auto;margin-top:5px;margin-bottom:5px;width:100%;max-width:250px;\"><\/div><span class=\"fusion-imageframe imageframe-none imageframe-3 hover-type-none\"><a class=\"fusion-no-lightbox\" href=\"https:\/\/oda-mm.ch\/fr\/startseite-franz\/\" target=\"_self\" aria-label=\"okkkss\"><img loading=\"lazy\" decoding=\"async\" src=\"http:\/\/spmassagemedical.com\/wp-content\/uploads\/2019\/10\/okkkss.png\" width=\"150\" height=\"150\" alt=\"\" class=\"img-responsive wp-image-453\" srcset=\"https:\/\/spmassagemedical.com\/wp-content\/uploads\/2019\/10\/okkkss-66x66.png 66w, https:\/\/spmassagemedical.com\/wp-content\/uploads\/2019\/10\/okkkss.png 150w\" sizes=\"auto, (max-width: 150px) 100vw, 150px\" \/><\/a><\/span><div class=\"fusion-clearfix\"><\/div>\n\n\t\t\t\t\t<\/div>\n\t\t\t\t<\/div><div  class=\"fusion-layout-column fusion_builder_column fusion_builder_column_1_4 fusion-builder-column-7 fusion-one-fourth 1_4\"  style='margin-top:0px;margin-bottom:20px;width:25%;width:calc(25% - ( ( 4% + 4% + 4% ) * 0.25 ) );margin-right: 4%;'>\n\t\t\t\t\t<div class=\"fusion-column-wrapper\" style=\"padding: 0px 0px 0px 0px;background-position:left top;background-repeat:no-repeat;-webkit-background-size:cover;-moz-background-size:cover;-o-background-size:cover;background-size:cover;\"   data-bg-url=\"\">\n\t\t\t\t\t\t<span class=\"fusion-imageframe imageframe-none imageframe-4 hover-type-none\"><a class=\"fusion-no-lightbox\" href=\"https:\/\/oda-mm.ch\/fr\/startseite-franz\/\" target=\"_self\" aria-label=\"Sans-titre-1\"><img loading=\"lazy\" decoding=\"async\" src=\"https:\/\/spmassagemedical.com\/wp-content\/uploads\/2021\/07\/Sans-titre-1-1.png\" width=\"150\" height=\"150\" alt=\"\" class=\"img-responsive wp-image-638\" srcset=\"https:\/\/spmassagemedical.com\/wp-content\/uploads\/2021\/07\/Sans-titre-1-1-66x66.png 66w, https:\/\/spmassagemedical.com\/wp-content\/uploads\/2021\/07\/Sans-titre-1-1.png 150w\" sizes=\"auto, (max-width: 150px) 100vw, 150px\" \/><\/a><\/span><div class=\"fusion-sep-clear\"><\/div><div class=\"fusion-separator sep-none\" style=\"margin-left: auto;margin-right: auto;margin-top:5px;margin-bottom:5px;width:100%;max-width:250px;\"><\/div><span class=\"fusion-imageframe imageframe-none imageframe-5 hover-type-none\"><a class=\"fusion-no-lightbox\" href=\"https:\/\/oda-mm.ch\/fr\/startseite-franz\/\" target=\"_self\" aria-label=\"Sans-titre-1\"><img loading=\"lazy\" decoding=\"async\" src=\"https:\/\/spmassagemedical.com\/wp-content\/uploads\/2021\/07\/Sans-titre-1.png\" width=\"150\" height=\"150\" alt=\"\" class=\"img-responsive wp-image-637\" srcset=\"https:\/\/spmassagemedical.com\/wp-content\/uploads\/2021\/07\/Sans-titre-1-66x66.png 66w, https:\/\/spmassagemedical.com\/wp-content\/uploads\/2021\/07\/Sans-titre-1.png 150w\" sizes=\"auto, (max-width: 150px) 100vw, 150px\" \/><\/a><\/span><div class=\"fusion-clearfix\"><\/div>\n\n\t\t\t\t\t<\/div>\n\t\t\t\t<\/div><div  class=\"fusion-layout-column fusion_builder_column fusion_builder_column_1_4 fusion-builder-column-8 fusion-one-fourth 1_4\"  style='margin-top:0px;margin-bottom:20px;width:25%;width:calc(25% - ( ( 4% + 4% + 4% ) * 0.25 ) );margin-right: 4%;'>\n\t\t\t\t\t<div class=\"fusion-column-wrapper\" style=\"padding: 0px 20px 0px 20px;background-position:left top;background-repeat:no-repeat;-webkit-background-size:cover;-moz-background-size:cover;-o-background-size:cover;background-size:cover;\"   data-bg-url=\"\">\n\t\t\t\t\t\t<div class=\"fusion-text\"><p>Horaires au cabinet<\/p>\n<p>Lundi: 9h15-17h15<br \/>\nMardi : 09h45-18h15<br \/>\nJeudi : 09h15-18h30<\/p>\n<p><strong>Contact<\/strong><br \/>\n<strong>+41 79 306 55 70<\/strong><br \/>\n<strong>s.pelichet@bluewin.ch<\/strong><\/p>\n<\/div><div class=\"fusion-clearfix\"><\/div>\n\n\t\t\t\t\t<\/div>\n\t\t\t\t<\/div><div  class=\"fusion-layout-column fusion_builder_column fusion_builder_column_1_4 fusion-builder-column-9 fusion-one-fourth fusion-column-last 1_4\"  style='margin-top:0px;margin-bottom:20px;width:25%;width:calc(25% - ( ( 4% + 4% + 4% ) * 0.25 ) );'>\n\t\t\t\t\t<div class=\"fusion-column-wrapper\" style=\"padding: 0px 0px 0px 0px;background-position:left top;background-repeat:no-repeat;-webkit-background-size:cover;-moz-background-size:cover;-o-background-size:cover;background-size:cover;\"   data-bg-url=\"\">\n\t\t\t\t\t\t<div class=\"fusion-text\"><p><span style=\"color: #333333;\"><a style=\"color: #333333;\" href=\"http:\/\/spmassagemedical.com\/\">Accueil<\/a><\/span><br \/>\n<span style=\"color: #333333;\"><a style=\"color: #333333;\" href=\"http:\/\/spmassagemedical.com\/?page_id=14\">A propos<\/a><\/span><br \/>\n<span style=\"color: #333333;\"><a style=\"color: #333333;\" href=\"http:\/\/spmassagemedical.com\/?page_id=12\">Massages<\/a><\/span><br \/>\n<span style=\"color: #333333;\"><a style=\"color: #333333;\" href=\"http:\/\/spmassagemedical.com\/?page_id=16\">Tarifs<\/a><\/span><br \/>\n<span style=\"color: #333333;\"><a style=\"color: #333333;\" href=\"http:\/\/spmassagemedical.com\/?page_id=18\">Contact<\/a><\/span><\/p>\n<\/div><div class=\"fusion-clearfix\"><\/div>\n\n\t\t\t\t\t<\/div>\n\t\t\t\t<\/div><div  class=\"fusion-layout-column fusion_builder_column fusion_builder_column_1_1 fusion-builder-column-10 fusion-one-full fusion-column-first fusion-column-last 1_1\"  style='margin-top:0px;margin-bottom:20px;'>\n\t\t\t\t\t<div class=\"fusion-column-wrapper\" style=\"padding: 0px 0px 0px 0px;background-position:left top;background-repeat:no-repeat;-webkit-background-size:cover;-moz-background-size:cover;-o-background-size:cover;background-size:cover;\"   data-bg-url=\"\">\n\t\t\t\t\t\t<div class=\"fusion-text\"><h2 style=\"text-align: center;\">Copyright \u00a9 Cazoule &#8211; Tous droits r\u00e9serv\u00e9s &#8211; 2019<\/h2>\n<\/div><div class=\"fusion-clearfix\"><\/div>\n\n\t\t\t\t\t<\/div>\n\t\t\t\t<\/div><\/div><\/div><\/p>\n","protected":false},"excerpt":{"rendered":"","protected":false},"author":1,"featured_media":0,"parent":0,"menu_order":0,"comment_status":"closed","ping_status":"closed","template":"100-width.php","meta":{"footnotes":""},"class_list":["post-14","page","type-page","status-publish","hentry"],"yoast_head":"<!-- This site is optimized with the Yoast SEO plugin v24.9 - https:\/\/yoast.com\/wordpress\/plugins\/seo\/ -->\n<title>Mon parcours - S\u00e9verine Pelichet Massage M\u00e9dical<\/title>\n<meta name=\"description\" content=\"Aujourd&#039;hui, je suis heureuse en tant que th\u00e9rapeute de pouvoir accompagner mes clients dans le soin de leur corps. D\u00e9couvrez mon parcours dans ce domaine.\" \/>\n<meta name=\"robots\" content=\"index, follow, max-snippet:-1, max-image-preview:large, max-video-preview:-1\" \/>\n<link rel=\"canonical\" href=\"https:\/\/spmassagemedical.com\/?page_id=14\" \/>\n<meta property=\"og:locale\" content=\"en_US\" \/>\n<meta property=\"og:type\" content=\"article\" \/>\n<meta property=\"og:title\" content=\"Mon parcours - S\u00e9verine Pelichet Massage M\u00e9dical\" \/>\n<meta property=\"og:description\" content=\"Aujourd&#039;hui, je suis heureuse en tant que th\u00e9rapeute de pouvoir accompagner mes clients dans le soin de leur corps. D\u00e9couvrez mon parcours dans ce domaine.\" \/>\n<meta property=\"og:url\" content=\"https:\/\/spmassagemedical.com\/?page_id=14\" \/>\n<meta property=\"og:site_name\" content=\"S\u00e9verine Pelichet Massage M\u00e9dical\" \/>\n<meta property=\"article:modified_time\" content=\"2022-04-04T12:09:58+00:00\" \/>\n<meta name=\"twitter:card\" content=\"summary_large_image\" \/>\n<meta name=\"twitter:label1\" content=\"Est. reading time\" \/>\n\t<meta name=\"twitter:data1\" content=\"8 minutes\" \/>\n<script type=\"application\/ld+json\" class=\"yoast-schema-graph\">{\"@context\":\"https:\/\/schema.org\",\"@graph\":[{\"@type\":\"WebPage\",\"@id\":\"https:\/\/spmassagemedical.com\/?page_id=14\",\"url\":\"https:\/\/spmassagemedical.com\/?page_id=14\",\"name\":\"Mon parcours - S\u00e9verine Pelichet Massage M\u00e9dical\",\"isPartOf\":{\"@id\":\"https:\/\/spmassagemedical.com\/#website\"},\"datePublished\":\"2019-08-21T20:54:21+00:00\",\"dateModified\":\"2022-04-04T12:09:58+00:00\",\"description\":\"Aujourd'hui, je suis heureuse en tant que th\u00e9rapeute de pouvoir accompagner mes clients dans le soin de leur corps. D\u00e9couvrez mon parcours dans ce domaine.\",\"breadcrumb\":{\"@id\":\"https:\/\/spmassagemedical.com\/?page_id=14#breadcrumb\"},\"inLanguage\":\"en-US\",\"potentialAction\":[{\"@type\":\"ReadAction\",\"target\":[\"https:\/\/spmassagemedical.com\/?page_id=14\"]}]},{\"@type\":\"BreadcrumbList\",\"@id\":\"https:\/\/spmassagemedical.com\/?page_id=14#breadcrumb\",\"itemListElement\":[{\"@type\":\"ListItem\",\"position\":1,\"name\":\"Home\",\"item\":\"https:\/\/spmassagemedical.com\/\"},{\"@type\":\"ListItem\",\"position\":2,\"name\":\"A propos\"}]},{\"@type\":\"WebSite\",\"@id\":\"https:\/\/spmassagemedical.com\/#website\",\"url\":\"https:\/\/spmassagemedical.com\/\",\"name\":\"S\u00e9verine Pelichet Massage M\u00e9dical\",\"description\":\"Prenez soin de vous avec une s\u00e9ance de massage th\u00e9rapeutique chez S\u00e9verine Pelichet Massage M\u00e9dical\",\"potentialAction\":[{\"@type\":\"SearchAction\",\"target\":{\"@type\":\"EntryPoint\",\"urlTemplate\":\"https:\/\/spmassagemedical.com\/?s={search_term_string}\"},\"query-input\":{\"@type\":\"PropertyValueSpecification\",\"valueRequired\":true,\"valueName\":\"search_term_string\"}}],\"inLanguage\":\"en-US\"}]}<\/script>\n<!-- \/ Yoast SEO plugin. -->","yoast_head_json":{"title":"Mon parcours - S\u00e9verine Pelichet Massage M\u00e9dical","description":"Aujourd'hui, je suis heureuse en tant que th\u00e9rapeute de pouvoir accompagner mes clients dans le soin de leur corps. D\u00e9couvrez mon parcours dans ce domaine.","robots":{"index":"index","follow":"follow","max-snippet":"max-snippet:-1","max-image-preview":"max-image-preview:large","max-video-preview":"max-video-preview:-1"},"canonical":"https:\/\/spmassagemedical.com\/?page_id=14","og_locale":"en_US","og_type":"article","og_title":"Mon parcours - S\u00e9verine Pelichet Massage M\u00e9dical","og_description":"Aujourd'hui, je suis heureuse en tant que th\u00e9rapeute de pouvoir accompagner mes clients dans le soin de leur corps. D\u00e9couvrez mon parcours dans ce domaine.","og_url":"https:\/\/spmassagemedical.com\/?page_id=14","og_site_name":"S\u00e9verine Pelichet Massage M\u00e9dical","article_modified_time":"2022-04-04T12:09:58+00:00","twitter_card":"summary_large_image","twitter_misc":{"Est. reading time":"8 minutes"},"schema":{"@context":"https:\/\/schema.org","@graph":[{"@type":"WebPage","@id":"https:\/\/spmassagemedical.com\/?page_id=14","url":"https:\/\/spmassagemedical.com\/?page_id=14","name":"Mon parcours - S\u00e9verine Pelichet Massage M\u00e9dical","isPartOf":{"@id":"https:\/\/spmassagemedical.com\/#website"},"datePublished":"2019-08-21T20:54:21+00:00","dateModified":"2022-04-04T12:09:58+00:00","description":"Aujourd'hui, je suis heureuse en tant que th\u00e9rapeute de pouvoir accompagner mes clients dans le soin de leur corps. D\u00e9couvrez mon parcours dans ce domaine.","breadcrumb":{"@id":"https:\/\/spmassagemedical.com\/?page_id=14#breadcrumb"},"inLanguage":"en-US","potentialAction":[{"@type":"ReadAction","target":["https:\/\/spmassagemedical.com\/?page_id=14"]}]},{"@type":"BreadcrumbList","@id":"https:\/\/spmassagemedical.com\/?page_id=14#breadcrumb","itemListElement":[{"@type":"ListItem","position":1,"name":"Home","item":"https:\/\/spmassagemedical.com\/"},{"@type":"ListItem","position":2,"name":"A propos"}]},{"@type":"WebSite","@id":"https:\/\/spmassagemedical.com\/#website","url":"https:\/\/spmassagemedical.com\/","name":"S\u00e9verine Pelichet Massage M\u00e9dical","description":"Prenez soin de vous avec une s\u00e9ance de massage th\u00e9rapeutique chez S\u00e9verine Pelichet Massage M\u00e9dical","potentialAction":[{"@type":"SearchAction","target":{"@type":"EntryPoint","urlTemplate":"https:\/\/spmassagemedical.com\/?s={search_term_string}"},"query-input":{"@type":"PropertyValueSpecification","valueRequired":true,"valueName":"search_term_string"}}],"inLanguage":"en-US"}]}},"_links":{"self":[{"href":"https:\/\/spmassagemedical.com\/index.php?rest_route=\/wp\/v2\/pages\/14","targetHints":{"allow":["GET"]}}],"collection":[{"href":"https:\/\/spmassagemedical.com\/index.php?rest_route=\/wp\/v2\/pages"}],"about":[{"href":"https:\/\/spmassagemedical.com\/index.php?rest_route=\/wp\/v2\/types\/page"}],"author":[{"embeddable":true,"href":"https:\/\/spmassagemedical.com\/index.php?rest_route=\/wp\/v2\/users\/1"}],"replies":[{"embeddable":true,"href":"https:\/\/spmassagemedical.com\/index.php?rest_route=%2Fwp%2Fv2%2Fcomments&post=14"}],"version-history":[{"count":34,"href":"https:\/\/spmassagemedical.com\/index.php?rest_route=\/wp\/v2\/pages\/14\/revisions"}],"predecessor-version":[{"id":47,"href":"https:\/\/spmassagemedical.com\/index.php?rest_route=\/wp\/v2\/pages\/14\/revisions\/47"}],"wp:attachment":[{"href":"https:\/\/spmassagemedical.com\/index.php?rest_route=%2Fwp%2Fv2%2Fmedia&parent=14"}],"curies":[{"name":"wp","href":"https:\/\/api.w.org\/{rel}","templated":true}]}}